{"id":69,"date":"2023-11-02T17:35:26","date_gmt":"2023-11-02T17:35:26","guid":{"rendered":"https:\/\/manonschererarchitecture.com\/?page_id=69"},"modified":"2025-05-09T11:14:10","modified_gmt":"2025-05-09T11:14:10","slug":"formulaire","status":"publish","type":"page","link":"https:\/\/manonschererarchitecture.com\/?page_id=69","title":{"rendered":"Formulaire"},"content":{"rendered":"\n<h2 class=\"wp-block-heading has-text-align-left has-text-color has-medium-font-size\" style=\"color:#616161;font-style:normal;font-weight:300\">SOUMETTRE UN PROJET<\/h2>\n\n\n\n<p class=\"has-text-align-left has-text-color has-small-font-size\" style=\"color:#616161\"><em>Tous les champs sont obligatoires<\/em><\/p>\n\n\n<style id=\"wpforms-css-vars-63-block-716ae386-e33b-4d97-bccb-126b5fb9942a\">\n\t\t\t\t#wpforms-63.wpforms-block-716ae386-e33b-4d97-bccb-126b5fb9942a {\n\t\t\t\t--wpforms-field-text-color: #eaeaea;\n--wpforms-field-size-input-height: 43px;\n--wpforms-field-size-input-spacing: 15px;\n--wpforms-field-size-font-size: 16px;\n--wpforms-field-size-line-height: 19px;\n--wpforms-field-size-padding-h: 14px;\n--wpforms-field-size-checkbox-size: 16px;\n--wpforms-field-size-sublabel-spacing: 5px;\n--wpforms-field-size-icon-size: 1;\n--wpforms-label-size-font-size: 16px;\n--wpforms-label-size-line-height: 19px;\n--wpforms-label-size-sublabel-font-size: 14px;\n--wpforms-label-size-sublabel-line-height: 17px;\n--wpforms-button-size-font-size: 17px;\n--wpforms-button-size-height: 41px;\n--wpforms-button-size-padding-h: 15px;\n--wpforms-button-size-margin-top: 10px;\n\t\t\t}\n\t\t\t<\/style><div class=\"wpforms-container wpforms-container-full wpforms-block wpforms-block-716ae386-e33b-4d97-bccb-126b5fb9942a wpforms-render-modern\" id=\"wpforms-63\"><form id=\"wpforms-form-63\" class=\"wpforms-validate wpforms-form wpforms-ajax-form\" data-formid=\"63\" method=\"post\" enctype=\"multipart\/form-data\" action=\"\/index.php?rest_route=%2Fwp%2Fv2%2Fpages%2F69\" data-token=\"f4af3b84c399e759bb45542e07339d52\" data-token-time=\"1776365941\"><noscript class=\"wpforms-error-noscript\">Veuillez activer JavaScript dans votre navigateur pour remplir ce formulaire.<\/noscript><div id=\"wpforms-error-noscript\" style=\"display: none;\">Veuillez activer JavaScript dans votre navigateur pour remplir ce formulaire.<\/div><div class=\"wpforms-field-container\"><div id=\"wpforms-63-field_3-container\" class=\"wpforms-field wpforms-field-text\" data-field-id=\"3\"><label class=\"wpforms-field-label\" for=\"wpforms-63-field_3\">Nom et pr\u00e9nom<\/label><input type=\"text\" id=\"wpforms-63-field_3\" class=\"wpforms-field-medium\" name=\"wpforms[fields][3]\" aria-errormessage=\"wpforms-63-field_3-error\" ><\/div><div id=\"wpforms-63-field_4-container\" class=\"wpforms-field wpforms-field-text\" data-field-id=\"4\"><label class=\"wpforms-field-label\" for=\"wpforms-63-field_4\">Adresse courriel<\/label><input type=\"text\" id=\"wpforms-63-field_4\" class=\"wpforms-field-medium\" name=\"wpforms[fields][4]\" aria-errormessage=\"wpforms-63-field_4-error\" ><\/div><div id=\"wpforms-63-field_5-container\" class=\"wpforms-field wpforms-field-text\" data-field-id=\"5\"><label class=\"wpforms-field-label\" for=\"wpforms-63-field_5\">Adresse du projet<\/label><input type=\"text\" id=\"wpforms-63-field_5\" class=\"wpforms-field-medium\" name=\"wpforms[fields][5]\" aria-errormessage=\"wpforms-63-field_5-error\" ><\/div><div id=\"wpforms-63-field_7-container\" class=\"wpforms-field wpforms-field-checkbox\" data-field-id=\"7\"><fieldset><legend class=\"wpforms-field-label\">Type de projet<\/legend><ul id=\"wpforms-63-field_7\"><li class=\"choice-1 depth-1\"><input type=\"checkbox\" id=\"wpforms-63-field_7_1\" name=\"wpforms[fields][7][]\" value=\"R\u00e9novation d&#039;un ou plusieurs espaces int\u00e9rieurs\" aria-errormessage=\"wpforms-63-field_7_1-error\"  ><label class=\"wpforms-field-label-inline\" for=\"wpforms-63-field_7_1\">R\u00e9novation d&rsquo;un ou plusieurs espaces int\u00e9rieurs<\/label><\/li><li class=\"choice-2 depth-1\"><input type=\"checkbox\" id=\"wpforms-63-field_7_2\" name=\"wpforms[fields][7][]\" value=\"Am\u00e9nagement int\u00e9rieur - d\u00e9coration\" aria-errormessage=\"wpforms-63-field_7_2-error\"  ><label class=\"wpforms-field-label-inline\" for=\"wpforms-63-field_7_2\">Am\u00e9nagement int\u00e9rieur &#8211; d\u00e9coration<\/label><\/li><li class=\"choice-3 depth-1\"><input type=\"checkbox\" id=\"wpforms-63-field_7_3\" name=\"wpforms[fields][7][]\" value=\"Construction neuve\" aria-errormessage=\"wpforms-63-field_7_3-error\"  ><label class=\"wpforms-field-label-inline\" for=\"wpforms-63-field_7_3\">Construction neuve<\/label><\/li><\/ul><\/fieldset><\/div><div id=\"wpforms-63-field_6-container\" class=\"wpforms-field wpforms-field-text\" data-field-id=\"6\"><label class=\"wpforms-field-label\" for=\"wpforms-63-field_6\">Date de d\u00e9but des travaux esp\u00e9r\u00e9e<\/label><input type=\"text\" id=\"wpforms-63-field_6\" class=\"wpforms-field-medium\" name=\"wpforms[fields][6]\" aria-errormessage=\"wpforms-63-field_6-error\" ><\/div><div id=\"wpforms-63-field_8-container\" class=\"wpforms-field wpforms-field-checkbox\" data-field-id=\"8\"><fieldset><legend class=\"wpforms-field-label\">Avez-vous d\u00e9j\u00e0 un entrepreneur.e ?<\/legend><ul id=\"wpforms-63-field_8\"><li class=\"choice-1 depth-1\"><input type=\"checkbox\" id=\"wpforms-63-field_8_1\" name=\"wpforms[fields][8][]\" value=\"Oui\" aria-errormessage=\"wpforms-63-field_8_1-error\"  ><label class=\"wpforms-field-label-inline\" for=\"wpforms-63-field_8_1\">Oui<\/label><\/li><li class=\"choice-2 depth-1\"><input type=\"checkbox\" id=\"wpforms-63-field_8_2\" name=\"wpforms[fields][8][]\" value=\"Non\" aria-errormessage=\"wpforms-63-field_8_2-error\"  ><label class=\"wpforms-field-label-inline\" for=\"wpforms-63-field_8_2\">Non<\/label><\/li><\/ul><\/fieldset><\/div><div id=\"wpforms-63-field_10-container\" class=\"wpforms-field wpforms-field-checkbox\" data-field-id=\"10\"><fieldset><legend class=\"wpforms-field-label\">Comment avez-vous entendu de MSA &#8211; Manon Scherer Architecture?<\/legend><ul id=\"wpforms-63-field_10\"><li class=\"choice-1 depth-1\"><input type=\"checkbox\" id=\"wpforms-63-field_10_1\" name=\"wpforms[fields][10][]\" value=\"Par le biais d&#039;un ami \/ client\" aria-errormessage=\"wpforms-63-field_10_1-error\"  ><label class=\"wpforms-field-label-inline\" for=\"wpforms-63-field_10_1\">Par le biais d&rsquo;un ami \/ client<\/label><\/li><li class=\"choice-2 depth-1\"><input type=\"checkbox\" id=\"wpforms-63-field_10_2\" name=\"wpforms[fields][10][]\" value=\"Moteur de recherche (google, autres)\" aria-errormessage=\"wpforms-63-field_10_2-error\"  ><label class=\"wpforms-field-label-inline\" for=\"wpforms-63-field_10_2\">Moteur de recherche (google, autres)<\/label><\/li><li class=\"choice-4 depth-1\"><input type=\"checkbox\" id=\"wpforms-63-field_10_4\" name=\"wpforms[fields][10][]\" value=\"Via Instagram\" aria-errormessage=\"wpforms-63-field_10_4-error\"  ><label class=\"wpforms-field-label-inline\" for=\"wpforms-63-field_10_4\">Via Instagram<\/label><\/li><li class=\"choice-5 depth-1\"><input type=\"checkbox\" id=\"wpforms-63-field_10_5\" name=\"wpforms[fields][10][]\" value=\"Via Pinsteret\" aria-errormessage=\"wpforms-63-field_10_5-error\"  ><label class=\"wpforms-field-label-inline\" for=\"wpforms-63-field_10_5\">Via Pinsteret<\/label><\/li><li class=\"choice-6 depth-1\"><input type=\"checkbox\" id=\"wpforms-63-field_10_6\" name=\"wpforms[fields][10][]\" value=\"Autres\" aria-errormessage=\"wpforms-63-field_10_6-error\"  ><label class=\"wpforms-field-label-inline\" for=\"wpforms-63-field_10_6\">Autres<\/label><\/li><\/ul><\/fieldset><\/div><div id=\"wpforms-63-field_9-container\" class=\"wpforms-field wpforms-field-text\" data-field-id=\"9\"><label class=\"wpforms-field-label\" for=\"wpforms-63-field_9\">Des questions ? <\/label><input type=\"text\" id=\"wpforms-63-field_9\" class=\"wpforms-field-medium\" name=\"wpforms[fields][9]\" aria-errormessage=\"wpforms-63-field_9-error\" ><\/div><\/div><!-- .wpforms-field-container --><div class=\"wpforms-submit-container\" ><input type=\"hidden\" name=\"wpforms[id]\" value=\"63\"><input type=\"hidden\" name=\"page_title\" value=\"\"><input type=\"hidden\" name=\"page_url\" value=\"https:\/\/manonschererarchitecture.com\/index.php?rest_route=\/wp\/v2\/pages\/69\"><input type=\"hidden\" name=\"url_referer\" value=\"\"><button type=\"submit\" name=\"wpforms[submit]\" id=\"wpforms-submit-63\" class=\"wpforms-submit\" data-alt-text=\"Envoi...\" data-submit-text=\"Envoyer\" aria-live=\"assertive\" value=\"wpforms-submit\">Envoyer<\/button><img loading=\"lazy\" decoding=\"async\" src=\"https:\/\/manonschererarchitecture.com\/wp-content\/plugins\/wpforms-lite\/assets\/images\/submit-spin.svg\" class=\"wpforms-submit-spinner\" style=\"display: none;\" width=\"26\" height=\"26\" alt=\"Chargement en cours\"><\/div><\/form><\/div>  <!-- .wpforms-container -->","protected":false},"excerpt":{"rendered":"<p>SOUMETTRE UN PROJET Tous les champs sont obligatoires<\/p>\n","protected":false},"author":1,"featured_media":0,"parent":0,"menu_order":0,"comment_status":"closed","ping_status":"closed","template":"wp-custom-template-formulaire","meta":{"footnotes":""},"class_list":["post-69","page","type-page","status-publish","hentry"],"_links":{"self":[{"href":"https:\/\/manonschererarchitecture.com\/index.php?rest_route=\/wp\/v2\/pages\/69","targetHints":{"allow":["GET"]}}],"collection":[{"href":"https:\/\/manonschererarchitecture.com\/index.php?rest_route=\/wp\/v2\/pages"}],"about":[{"href":"https:\/\/manonschererarchitecture.com\/index.php?rest_route=\/wp\/v2\/types\/page"}],"author":[{"embeddable":true,"href":"https:\/\/manonschererarchitecture.com\/index.php?rest_route=\/wp\/v2\/users\/1"}],"replies":[{"embeddable":true,"href":"https:\/\/manonschererarchitecture.com\/index.php?rest_route=%2Fwp%2Fv2%2Fcomments&post=69"}],"version-history":[{"count":8,"href":"https:\/\/manonschererarchitecture.com\/index.php?rest_route=\/wp\/v2\/pages\/69\/revisions"}],"predecessor-version":[{"id":277,"href":"https:\/\/manonschererarchitecture.com\/index.php?rest_route=\/wp\/v2\/pages\/69\/revisions\/277"}],"wp:attachment":[{"href":"https:\/\/manonschererarchitecture.com\/index.php?rest_route=%2Fwp%2Fv2%2Fmedia&parent=69"}],"curies":[{"name":"wp","href":"https:\/\/api.w.org\/{rel}","templated":true}]}}